{"id":119,"date":"2019-04-04T19:25:41","date_gmt":"2019-04-04T16:25:41","guid":{"rendered":"http:\/\/www.michelisfoundation.gr\/idrytes\/"},"modified":"2021-11-18T15:39:09","modified_gmt":"2021-11-18T13:39:09","slug":"founders-panayotis-and-effie-michelis","status":"publish","type":"page","link":"https:\/\/www.michelisfoundation.gr\/en\/founders-panayotis-and-effie-michelis\/","title":{"rendered":"Panayotis &#038; Effie Michelis"},"content":{"rendered":"\n<h2 class=\"wp-block-heading\">Panayotis A. Michelis<\/h2>\n\n\n\n<p>Panayotis A. Michelis (Patras 1903\u2013Athens 1969) was an architect, theoretician of architecture, philosopher of art and University professor.  In 1926, he graduated from the Faculty of Architecture of Dresden University in Germany. He held the Chair for Theory of Architecture at the National Technical University of Athens (1941\u20131969).<\/p>\n\n\n\n<p>Michelis was one of the first Greek architects to champion modern architecture and art; he produced an extensive, internationally acclaimed body of theoretical work. He was the founder and first president of the Hellenic Society for Aesthetics; he also organised the Fourth International Congress on Aesthetics in 1960 in Athens.<\/p>\n\n\n\n<p>In his work, Michelis sought to interpret and elucidate ancient Greek and Byzantine art, as well as Modern Greek vernacular and traditional architecture. He greatly contributed to laying the theoretical foundations for and defining the aesthetics of contemporary architecture in Greece.<\/p>\n\n\n\n<figure class=\"wp-block-gallery columns-2 is-cropped wp-block-gallery-1 is-layout-flex wp-block-gallery-is-layout-flex\"><ul class=\"blocks-gallery-grid\"><li class=\"blocks-gallery-item\"><figure><a href=\"https:\/\/www.michelisfoundation.gr\/wp-content\/uploads\/2019\/05\/panayotis-michelis-portrait.jpg\"><img fetchpriority=\"high\" decoding=\"async\" width=\"400\" height=\"520\" src=\"https:\/\/www.michelisfoundation.gr\/wp-content\/uploads\/2019\/05\/panayotis-michelis-portrait.jpg\" alt=\"\" data-id=\"1411\" data-full-url=\"https:\/\/www.michelisfoundation.gr\/wp-content\/uploads\/2019\/05\/panayotis-michelis-portrait.jpg\" data-link=\"https:\/\/www.michelisfoundation.gr\/en\/founders-panayotis-and-effie-michelis\/panayotis-michelis-portrait-2\/\" class=\"wp-image-1411\" srcset=\"https:\/\/www.michelisfoundation.gr\/wp-content\/uploads\/2019\/05\/panayotis-michelis-portrait.jpg 400w, https:\/\/www.michelisfoundation.gr\/wp-content\/uploads\/2019\/05\/panayotis-michelis-portrait-231x300.jpg 231w\" sizes=\"(max-width: 400px) 100vw, 400px\" \/><\/a><\/figure><\/li><li class=\"blocks-gallery-item\"><figure><a href=\"https:\/\/www.michelisfoundation.gr\/wp-content\/uploads\/2019\/05\/effie-micheli-portrait.jpg\"><img decoding=\"async\" width=\"400\" height=\"520\" src=\"https:\/\/www.michelisfoundation.gr\/wp-content\/uploads\/2019\/05\/effie-micheli-portrait.jpg\" alt=\"\" data-id=\"1413\" data-full-url=\"https:\/\/www.michelisfoundation.gr\/wp-content\/uploads\/2019\/05\/effie-micheli-portrait.jpg\" data-link=\"https:\/\/www.michelisfoundation.gr\/en\/founders-panayotis-and-effie-michelis\/effie-micheli-portrait-2\/\" class=\"wp-image-1413\" srcset=\"https:\/\/www.michelisfoundation.gr\/wp-content\/uploads\/2019\/05\/effie-micheli-portrait.jpg 400w, https:\/\/www.michelisfoundation.gr\/wp-content\/uploads\/2019\/05\/effie-micheli-portrait-231x300.jpg 231w\" sizes=\"(max-width: 400px) 100vw, 400px\" \/><\/a><\/figure><\/li><\/ul><\/figure>\n\n\n\n<h2 class=\"wp-block-heading\">Effie P. Michelis<\/h2>\n\n\n\n<p>Effie Michelis (Athens 1906\u20131984), the wife of Panayotis Michelis, was a na\u00efve artist and founder of the Panayotis and Effie Michelis Foundation.<\/p>\n\n\n\n<p>Following her artistic debut in 1952, she participated in all the national Art Fairs held at Zappeion Hall in Athens from 1952 to 1973, as well as in many group exhibitions in Greece and other countries.<\/p>\n\n\n\n<p>A member of several art organisations, Effie Michelis was a key founding member of the F\u00e9d\u00e9ration Internationale Culturelle F\u00e9minine, of which she was elected president in 1980. She worked with great zeal to establish the F\u00e9d\u00e9ration\u2019s Greek branch, of which she was president from 1974 to 1984. She was member of the Hellenic Society for Aesthetics, the publisher of the journal Annals for Aesthetics \/ Annales d\u2019Esth\u00e9tique; she also sat on the editorial board of the journal.<\/p>\n\n\n\n<p>In 1979, Effie Michelis established the Panayotis &amp; Effie Michelis Foundation, of which she was the founding president and to which she bequeathed her entire estate..<\/p>\n","protected":false},"excerpt":{"rendered":"<p>Panayotis A. Michelis Panayotis A. Michelis (Patras 1903\u2013Athens 1969) was an architect, theoretician of architecture, philosopher of art and University professor. In 1926, he graduated from the Faculty of Architecture of Dresden University in Germany. He held the Chair for Theory of Architecture at the National Technical University of Athens (1941\u20131969). Michelis was one of [&hellip;]<\/p>\n","protected":false},"author":1,"featured_media":1255,"parent":0,"menu_order":0,"comment_status":"closed","ping_status":"closed","template":"","meta":{"footnotes":""},"class_list":["post-119","page","type-page","status-publish","has-post-thumbnail","hentry"],"yoast_head":"<!-- This site is optimized with the Yoast SEO plugin v24.0 - https:\/\/yoast.com\/wordpress\/plugins\/seo\/ -->\n<title>Panayotis &amp; Effie Michelis | Michelis Foundation<\/title>\n<meta name=\"robots\" content=\"index, follow, max-snippet:-1, max-image-preview:large, max-video-preview:-1\" \/>\n<link rel=\"canonical\" href=\"https:\/\/www.michelisfoundation.gr\/en\/founders-panayotis-and-effie-michelis\/\" \/>\n<meta property=\"og:locale\" content=\"en_US\" \/>\n<meta property=\"og:type\" content=\"article\" \/>\n<meta property=\"og:title\" content=\"Panayotis &amp; Effie Michelis | Michelis Foundation\" \/>\n<meta property=\"og:description\" content=\"Panayotis A. Michelis Panayotis A. Michelis (Patras 1903\u2013Athens 1969) was an architect, theoretician of architecture, philosopher of art and University professor. In 1926, he graduated from the Faculty of Architecture of Dresden University in Germany. He held the Chair for Theory of Architecture at the National Technical University of Athens (1941\u20131969). Michelis was one of [&hellip;]\" \/>\n<meta property=\"og:url\" content=\"https:\/\/www.michelisfoundation.gr\/en\/founders-panayotis-and-effie-michelis\/\" \/>\n<meta property=\"og:site_name\" content=\"Michelis Foundation\" \/>\n<meta property=\"article:publisher\" content=\"https:\/\/www.facebook.com\/michelisfoundation\/\" \/>\n<meta property=\"article:modified_time\" content=\"2021-11-18T13:39:09+00:00\" \/>\n<meta property=\"og:image\" content=\"https:\/\/www.michelisfoundation.gr\/wp-content\/uploads\/2019\/05\/header-the-michelis-04.jpg\" \/>\n\t<meta property=\"og:image:width\" content=\"1920\" \/>\n\t<meta property=\"og:image:height\" content=\"1200\" \/>\n\t<meta property=\"og:image:type\" content=\"image\/jpeg\" \/>\n<meta name=\"twitter:card\" content=\"summary_large_image\" \/>\n<meta name=\"twitter:label1\" content=\"Est. reading time\" \/>\n\t<meta name=\"twitter:data1\" content=\"2 minutes\" \/>\n<script type=\"application\/ld+json\" class=\"yoast-schema-graph\">{\"@context\":\"https:\/\/schema.org\",\"@graph\":[{\"@type\":\"WebPage\",\"@id\":\"https:\/\/www.michelisfoundation.gr\/en\/founders-panayotis-and-effie-michelis\/\",\"url\":\"https:\/\/www.michelisfoundation.gr\/en\/founders-panayotis-and-effie-michelis\/\",\"name\":\"Panayotis & Effie Michelis | Michelis Foundation\",\"isPartOf\":{\"@id\":\"https:\/\/www.michelisfoundation.gr\/#website\"},\"primaryImageOfPage\":{\"@id\":\"https:\/\/www.michelisfoundation.gr\/en\/founders-panayotis-and-effie-michelis\/#primaryimage\"},\"image\":{\"@id\":\"https:\/\/www.michelisfoundation.gr\/en\/founders-panayotis-and-effie-michelis\/#primaryimage\"},\"thumbnailUrl\":\"https:\/\/www.michelisfoundation.gr\/wp-content\/uploads\/2019\/05\/header-the-michelis-04.jpg\",\"datePublished\":\"2019-04-04T16:25:41+00:00\",\"dateModified\":\"2021-11-18T13:39:09+00:00\",\"breadcrumb\":{\"@id\":\"https:\/\/www.michelisfoundation.gr\/en\/founders-panayotis-and-effie-michelis\/#breadcrumb\"},\"inLanguage\":\"en-US\",\"potentialAction\":[{\"@type\":\"ReadAction\",\"target\":[\"https:\/\/www.michelisfoundation.gr\/en\/founders-panayotis-and-effie-michelis\/\"]}]},{\"@type\":\"ImageObject\",\"inLanguage\":\"en-US\",\"@id\":\"https:\/\/www.michelisfoundation.gr\/en\/founders-panayotis-and-effie-michelis\/#primaryimage\",\"url\":\"https:\/\/www.michelisfoundation.gr\/wp-content\/uploads\/2019\/05\/header-the-michelis-04.jpg\",\"contentUrl\":\"https:\/\/www.michelisfoundation.gr\/wp-content\/uploads\/2019\/05\/header-the-michelis-04.jpg\",\"width\":1920,\"height\":1200},{\"@type\":\"BreadcrumbList\",\"@id\":\"https:\/\/www.michelisfoundation.gr\/en\/founders-panayotis-and-effie-michelis\/#breadcrumb\",\"itemListElement\":[{\"@type\":\"ListItem\",\"position\":1,\"name\":\"Home\",\"item\":\"https:\/\/www.michelisfoundation.gr\/en\/\"},{\"@type\":\"ListItem\",\"position\":2,\"name\":\"Panayotis &#038; Effie Michelis\"}]},{\"@type\":\"WebSite\",\"@id\":\"https:\/\/www.michelisfoundation.gr\/#website\",\"url\":\"https:\/\/www.michelisfoundation.gr\/\",\"name\":\"Michelis Foundation\",\"description\":\"\",\"publisher\":{\"@id\":\"https:\/\/www.michelisfoundation.gr\/#organization\"},\"potentialAction\":[{\"@type\":\"SearchAction\",\"target\":{\"@type\":\"EntryPoint\",\"urlTemplate\":\"https:\/\/www.michelisfoundation.gr\/?s={search_term_string}\"},\"query-input\":{\"@type\":\"PropertyValueSpecification\",\"valueRequired\":true,\"valueName\":\"search_term_string\"}}],\"inLanguage\":\"en-US\"},{\"@type\":\"Organization\",\"@id\":\"https:\/\/www.michelisfoundation.gr\/#organization\",\"name\":\"Michelis Foundation\",\"url\":\"https:\/\/www.michelisfoundation.gr\/\",\"logo\":{\"@type\":\"ImageObject\",\"inLanguage\":\"en-US\",\"@id\":\"https:\/\/www.michelisfoundation.gr\/#\/schema\/logo\/image\/\",\"url\":\"https:\/\/www.michelisfoundation.gr\/wp-content\/uploads\/2019\/06\/michelis-foundation-logo-coral-svg.svg\",\"contentUrl\":\"https:\/\/www.michelisfoundation.gr\/wp-content\/uploads\/2019\/06\/michelis-foundation-logo-coral-svg.svg\",\"caption\":\"Michelis Foundation\"},\"image\":{\"@id\":\"https:\/\/www.michelisfoundation.gr\/#\/schema\/logo\/image\/\"},\"sameAs\":[\"https:\/\/www.facebook.com\/michelisfoundation\/\"]}]}<\/script>\n<!-- \/ Yoast SEO plugin. -->","yoast_head_json":{"title":"Panayotis & Effie Michelis | Michelis Foundation","robots":{"index":"index","follow":"follow","max-snippet":"max-snippet:-1","max-image-preview":"max-image-preview:large","max-video-preview":"max-video-preview:-1"},"canonical":"https:\/\/www.michelisfoundation.gr\/en\/founders-panayotis-and-effie-michelis\/","og_locale":"en_US","og_type":"article","og_title":"Panayotis & Effie Michelis | Michelis Foundation","og_description":"Panayotis A. Michelis Panayotis A. Michelis (Patras 1903\u2013Athens 1969) was an architect, theoretician of architecture, philosopher of art and University professor. In 1926, he graduated from the Faculty of Architecture of Dresden University in Germany. He held the Chair for Theory of Architecture at the National Technical University of Athens (1941\u20131969). Michelis was one of [&hellip;]","og_url":"https:\/\/www.michelisfoundation.gr\/en\/founders-panayotis-and-effie-michelis\/","og_site_name":"Michelis Foundation","article_publisher":"https:\/\/www.facebook.com\/michelisfoundation\/","article_modified_time":"2021-11-18T13:39:09+00:00","og_image":[{"width":1920,"height":1200,"url":"https:\/\/www.michelisfoundation.gr\/wp-content\/uploads\/2019\/05\/header-the-michelis-04.jpg","type":"image\/jpeg"}],"twitter_card":"summary_large_image","twitter_misc":{"Est. reading time":"2 minutes"},"schema":{"@context":"https:\/\/schema.org","@graph":[{"@type":"WebPage","@id":"https:\/\/www.michelisfoundation.gr\/en\/founders-panayotis-and-effie-michelis\/","url":"https:\/\/www.michelisfoundation.gr\/en\/founders-panayotis-and-effie-michelis\/","name":"Panayotis & Effie Michelis | Michelis Foundation","isPartOf":{"@id":"https:\/\/www.michelisfoundation.gr\/#website"},"primaryImageOfPage":{"@id":"https:\/\/www.michelisfoundation.gr\/en\/founders-panayotis-and-effie-michelis\/#primaryimage"},"image":{"@id":"https:\/\/www.michelisfoundation.gr\/en\/founders-panayotis-and-effie-michelis\/#primaryimage"},"thumbnailUrl":"https:\/\/www.michelisfoundation.gr\/wp-content\/uploads\/2019\/05\/header-the-michelis-04.jpg","datePublished":"2019-04-04T16:25:41+00:00","dateModified":"2021-11-18T13:39:09+00:00","breadcrumb":{"@id":"https:\/\/www.michelisfoundation.gr\/en\/founders-panayotis-and-effie-michelis\/#breadcrumb"},"inLanguage":"en-US","potentialAction":[{"@type":"ReadAction","target":["https:\/\/www.michelisfoundation.gr\/en\/founders-panayotis-and-effie-michelis\/"]}]},{"@type":"ImageObject","inLanguage":"en-US","@id":"https:\/\/www.michelisfoundation.gr\/en\/founders-panayotis-and-effie-michelis\/#primaryimage","url":"https:\/\/www.michelisfoundation.gr\/wp-content\/uploads\/2019\/05\/header-the-michelis-04.jpg","contentUrl":"https:\/\/www.michelisfoundation.gr\/wp-content\/uploads\/2019\/05\/header-the-michelis-04.jpg","width":1920,"height":1200},{"@type":"BreadcrumbList","@id":"https:\/\/www.michelisfoundation.gr\/en\/founders-panayotis-and-effie-michelis\/#breadcrumb","itemListElement":[{"@type":"ListItem","position":1,"name":"Home","item":"https:\/\/www.michelisfoundation.gr\/en\/"},{"@type":"ListItem","position":2,"name":"Panayotis &#038; Effie Michelis"}]},{"@type":"WebSite","@id":"https:\/\/www.michelisfoundation.gr\/#website","url":"https:\/\/www.michelisfoundation.gr\/","name":"Michelis Foundation","description":"","publisher":{"@id":"https:\/\/www.michelisfoundation.gr\/#organization"},"potentialAction":[{"@type":"SearchAction","target":{"@type":"EntryPoint","urlTemplate":"https:\/\/www.michelisfoundation.gr\/?s={search_term_string}"},"query-input":{"@type":"PropertyValueSpecification","valueRequired":true,"valueName":"search_term_string"}}],"inLanguage":"en-US"},{"@type":"Organization","@id":"https:\/\/www.michelisfoundation.gr\/#organization","name":"Michelis Foundation","url":"https:\/\/www.michelisfoundation.gr\/","logo":{"@type":"ImageObject","inLanguage":"en-US","@id":"https:\/\/www.michelisfoundation.gr\/#\/schema\/logo\/image\/","url":"https:\/\/www.michelisfoundation.gr\/wp-content\/uploads\/2019\/06\/michelis-foundation-logo-coral-svg.svg","contentUrl":"https:\/\/www.michelisfoundation.gr\/wp-content\/uploads\/2019\/06\/michelis-foundation-logo-coral-svg.svg","caption":"Michelis Foundation"},"image":{"@id":"https:\/\/www.michelisfoundation.gr\/#\/schema\/logo\/image\/"},"sameAs":["https:\/\/www.facebook.com\/michelisfoundation\/"]}]}},"_links":{"self":[{"href":"https:\/\/www.michelisfoundation.gr\/en\/wp-json\/wp\/v2\/pages\/119","targetHints":{"allow":["GET"]}}],"collection":[{"href":"https:\/\/www.michelisfoundation.gr\/en\/wp-json\/wp\/v2\/pages"}],"about":[{"href":"https:\/\/www.michelisfoundation.gr\/en\/wp-json\/wp\/v2\/types\/page"}],"author":[{"embeddable":true,"href":"https:\/\/www.michelisfoundation.gr\/en\/wp-json\/wp\/v2\/users\/1"}],"replies":[{"embeddable":true,"href":"https:\/\/www.michelisfoundation.gr\/en\/wp-json\/wp\/v2\/comments?post=119"}],"version-history":[{"count":20,"href":"https:\/\/www.michelisfoundation.gr\/en\/wp-json\/wp\/v2\/pages\/119\/revisions"}],"predecessor-version":[{"id":2364,"href":"https:\/\/www.michelisfoundation.gr\/en\/wp-json\/wp\/v2\/pages\/119\/revisions\/2364"}],"wp:featuredmedia":[{"embeddable":true,"href":"https:\/\/www.michelisfoundation.gr\/en\/wp-json\/wp\/v2\/media\/1255"}],"wp:attachment":[{"href":"https:\/\/www.michelisfoundation.gr\/en\/wp-json\/wp\/v2\/media?parent=119"}],"curies":[{"name":"wp","href":"https:\/\/api.w.org\/{rel}","templated":true}]}}